{"id":7,"date":"2017-06-16T09:35:54","date_gmt":"2017-06-16T09:35:54","guid":{"rendered":"http:\/\/custom-env-1.p6mjhn2pbi.us-west-2.elasticbeanstalk.com\/?page_id=7"},"modified":"2017-07-25T07:22:06","modified_gmt":"2017-07-25T07:22:06","slug":"abourt-purankosh","status":"publish","type":"page","link":"https:\/\/www.purankosh.in\/","title":{"rendered":"An Encyclopaedic Dictionary of Mahabharata, Ramayana and Puranas"},"content":{"rendered":"<p>It is indeed a privilege to introduce <strong><em>Mahabharat-Puran Kosh \u2013 <\/em><\/strong>an <strong><em>Encyclopaedic Dictionary of <\/em>Mahabharata<em>, Ramayana and Puranas<\/em><\/strong> &#8212; a product of the tireless efforts of none other than Professor Nrisinha Prasad Bhaduri, the eminent Indologist and a leading authority on Indian epics and mythology.\u00a0 Professor Nrisinha Prasad Bhaduri had spent about twenty years to conceptualise and initiate this encyclopaedia covering the entire corpus of the two Indian epics, namely the <em>Mahabharata<\/em> and the <em>Ramayana<\/em>, as well as the principal <em>Puranas.<\/em> For more than three decades through his numerous scholarly publications and popular newspaper columns Professor Bhaduri has not only enriched our understanding of Indian epics and mythology, but has also opened new entry points for researches on Indian classical literature and its associated areas.\u00a0 This expertise of Professor Bhaduri reaches a climactic point with this encyclopaedia.<\/p>\n<p>&nbsp;<\/p>\n<p>The exercise of bringing the <em>Mahabharata<\/em>, and the <em>Ramayana<\/em> along with the <em>Puranas<\/em> under one corpus has a distinct academic logic.\u00a0 It is inconceivable to conceptualise an encyclopaedia of the <em>Puranas<\/em> without taking into consideration the <em>Mahabharata<\/em> and <em>Ramayana<\/em> since the two epics and the <em>Puranas<\/em> are inextricably linked, complimenting each other.\u00a0 The two epics are supplements to the <em>Puranas<\/em>, and vice versa.\u00a0 The three hold together the world of Indian mythology, crucial for comprehending ancient Indian culture.<\/p>\n<p>&nbsp;<\/p>\n<p>The <em>Mahabharata<\/em> has been identified as a <em>Purana <\/em>in the corpus of the epic itself. In the very beginning of the epic, \u015aaunaka and other sages requested Sauti Ugra\u015brav\u0101 to recount to them the old and ancient tales, the ancient <em>Purana<\/em>, as was related by Dvaip\u0101yana Vy\u0101sa \u2013 <em>dvaip\u0101yanena yat prokta\u1e43 pur\u0101\u1e47a\u1e43 paramar\u1e63i\u1e47\u0101<\/em>. In answer, Sauti revealed to them the <em>Mahabharata<\/em>. \u00a0He said:<\/p>\n<blockquote><p>\u201cOn one hand this <em>Mahabharata<\/em>, like the dazzling sun, dispels the darkness of ignorance in mankind; and on the other, <em>Mahabharata<\/em> is the full moon in the form of <em>Purana<\/em> which reflects the soft luminescence of the earlier Vedas and other sacred texts\u201d \u2013 <em>pur\u0101\u1e47a-p\u016br\u1e47acandre\u1e47a \u015brutijyotsn\u0101\u1e25 prak\u0101\u015bit\u0101\u1e25<\/em>.<\/p><\/blockquote>\n<p>Thus the <em>Mahabharata<\/em> is itself called a <em>Purana<\/em>.\u00a0 In the <em>Mahabharata<\/em> we have a text which confidently asserts its comprehensiveness:<\/p>\n<blockquote><p>\u201cThere is nothing in the world which this book does not capture; and what is not there in this book is not to be found in the word\u201d \u2013 <em>yadih\u0101sti tadannatra yanneh\u0101sti na kutracit<\/em>.<\/p><\/blockquote>\n<p>This assertion \u2013 more than anything else \u2013 justifies the inclusion of Mahabharata in the present encyclopaedia to address the intellectual curiosity of the reading public.\u00a0 At the same time in its bid to unfold the cultural and historical tradition of India since the Vedic period the encyclopaedia cannot leave the <em>Ramayana<\/em> outside its ambit.\u00a0 For, ignoring the <em>Ramayana<\/em> would have caused a fragmented presentation of Indian mythology.<\/p>\n<p>&nbsp;<\/p>\n<p>The <em>Mahabharat-Puran Kosh <\/em>thus becomes an encyclopaedia of not only the <em>Puranas<\/em>, but of the Mahabharata and<em> Ramayana <\/em>as well.\u00a0 Each of the entries in <em>Mahabharat-Puran Kosh <\/em>identifies its significance with reference to other associated texts ranging from the epics and mythologies to the Vedic literatures.\u00a0 In all senses <em>Mahabharat-Puran Kosh<\/em> &#8211; as a full-scale encyclopaedia of Indian epics and mythologies \u2013 is the first of its kind.\u00a0 To the best of my knowledge an encyclopaedia of even the <em>Mahabharata<\/em> has ever been undertaken.\u00a0 There are, however, compendiums of readings and commentaries of stand-alone <em>Puranas<\/em> as well as translations of some Indian classical texts.\u00a0 But the present encyclopaedia is the first holistic exercise of bringing together the fruits of a long tradition of `Vedic-Epic-Mythological Studies\u2019 in India and abroad.<\/p>\n<p>&nbsp;<\/p>\n<p>This encyclopaedia, as I understand, is based on the hypothesis that the words found in the three ancient texts \u2013 be it names of places and men, or of such abstract concepts as <em>dharma<\/em> and <em>punya<\/em> \u2013 conform to a consistent tradition, although their significance may get transformed in accordance with the context in which they feature.\u00a0 For instance, we come across a king by the name of <em>Parikshit<\/em> or a place called <em>Gandhara<\/em> in the <em>Mahabharata<\/em>, <em>Puranas<\/em> and Vedic literatures.\u00a0 But their characters vary in accordance with their presence in each of the texts. \u00a0The <em>Mahabharat-Puran Kosh <\/em>unfolds these changes in the context of time and society by capturing the varying characters of the words and citing issues relevant for underlining the thread of the historical-cultural tradition of ancient India. \u00a0This endeavour imparts a new scholarly dimension to the <em>Mahabharat-Puran Kosh<\/em>, which surely goes beyond any work of this nature.\u00a0 Designed to be a companion reader for the <em>Mahabharata<\/em>, the<em> Ramayana<\/em> and the <em>Puranas <\/em>for experts and general readers alike, the <em>Mahabharat-Puran Kosh <\/em>is being compiled in the simplest format, freeing itself as much as possible from footnotes and endnotes, seemingly incomprehensible abbreviations, and complicated jargons that very often magnifies the weight of scholarship but fail to explicate the points of discourse.\u00a0 To ensure its widest possible accessibility the <em>Mahabharat-Puran Kosh <\/em>is also not being published as a hard copy, but presented through a dedicated website.\u00a0 This difficult project of encapsulating the complicated and labyrinth world of Indian epics and myths in an easily understandable digital mode may not be entirely free of faults.\u00a0 But I am sure if any error is brought to light it will certainly be rectified at the earliest.<\/p>\n<p>&nbsp;<\/p>\n<p>I am confident that the <em>Mahabharat-Puran Kosh<\/em> will be of great help for meeting the contemporary cultural challenge of striking a balance between tradition and modernity.\u00a0 We live in an age of science, technology and globalization.\u00a0 But while embracing modernity we need not remain oblivious of our rich cultural heritage.\u00a0 This is particularly true for a country like India which is characterised by cultural pluralism and social diversities. \u00a0The <em>Mahabharat-Puran Kosh<\/em> will enrich the scholarship and understanding of the Indian classical texts and contribute to a wider dissemination of ancient Indian intellectual tradition.\u00a0 It will hopefully be an effective counterpoise to the Macdonaldization of the cultural mind of the young Indian population.<\/p>\n<p>&nbsp;<\/p>\n<p>The <em>Mahabharat-Puran Kosh<\/em><strong> \u2013 <\/strong>undertaken at the Netaji Institute For Asian Studies \u2013 could not have been initiated without a generous financial grant from the Higher Education Department of the Government of West Bengal.\u00a0 I put on record the Institute\u2019s deep sense of gratitude to the West Bengal Government for supporting a project which will surely have considerable intellectual ramifications.\u00a0 On my own behalf and on behalf of the Netaji Institute For Asian Studies I congratulate Professor Nrisinha Prasad Bhaduri for successfully spearheading the project and also compliment the research team which has worked under his effective guidance.\u00a0 I am sure that this encyclopaedia will serve as an invaluable source of information for all interested in ancient Indian cultural and intellectual traditions.<\/p>\n","protected":false},"excerpt":{"rendered":"<p>It is indeed a privilege to introduce Mahabharat-Puran Kosh \u2013 an Encyclopaedic Dictionary of Mahabharata, Ramayana and Puranas &#8212; a product of the tireless efforts of none other than Professor Nrisinha Prasad Bhaduri, the eminent Indologist and a leading authority on Indian epics and mythology.\u00a0 Professor Nrisinha Prasad Bhaduri had spent about twenty years to [&hellip;]<\/p>\n","protected":false},"author":5,"featured_media":0,"parent":0,"menu_order":0,"comment_status":"closed","ping_status":"closed","template":"page-template\/generic-template.php","meta":{"footnotes":""},"class_list":["post-7","page","type-page","status-publish","hentry"],"_links":{"self":[{"href":"https:\/\/www.purankosh.in\/index.php?rest_route=\/wp\/v2\/pages\/7","targetHints":{"allow":["GET"]}}],"collection":[{"href":"https:\/\/www.purankosh.in\/index.php?rest_route=\/wp\/v2\/pages"}],"about":[{"href":"https:\/\/www.purankosh.in\/index.php?rest_route=\/wp\/v2\/types\/page"}],"author":[{"embeddable":true,"href":"https:\/\/www.purankosh.in\/index.php?rest_route=\/wp\/v2\/users\/5"}],"replies":[{"embeddable":true,"href":"https:\/\/www.purankosh.in\/index.php?rest_route=%2Fwp%2Fv2%2Fcomments&post=7"}],"version-history":[{"count":12,"href":"https:\/\/www.purankosh.in\/index.php?rest_route=\/wp\/v2\/pages\/7\/revisions"}],"predecessor-version":[{"id":869,"href":"https:\/\/www.purankosh.in\/index.php?rest_route=\/wp\/v2\/pages\/7\/revisions\/869"}],"wp:attachment":[{"href":"https:\/\/www.purankosh.in\/index.php?rest_route=%2Fwp%2Fv2%2Fmedia&parent=7"}],"curies":[{"name":"wp","href":"https:\/\/api.w.org\/{rel}","templated":true}]}}